{"id":1356,"date":"2014-02-03T17:43:33","date_gmt":"2014-02-03T17:43:33","guid":{"rendered":"http:\/\/piekarscy.com.pl\/?page_id=1356"},"modified":"2023-01-14T18:03:34","modified_gmt":"2023-01-14T16:03:34","slug":"w-mediach","status":"publish","type":"page","link":"http:\/\/piekarscy.com.pl\/?page_id=1356","title":{"rendered":"&#8230; w publikacjach"},"content":{"rendered":"<p>Tu mo\u017cna przeczyta\u0107, co zwi\u0105zanego z moimi badaniami genealogicznymi, ukaza\u0142o si\u0119 w mediach.<\/p>\n<ul>\n<li>(2022) <a href=\"http:\/\/piekarscy.com.pl\/?page_id=14460\" target=\"_blank\" rel=\"noopener\">Artyku\u0142 w publikacji pokonferencyjnej Dzi\u015b id\u0119 walczy\u0107 mamo&#8230; 78. rocznica wybuchu Powstania Warszawskiego<\/a><\/li>\n<li>(2020) <a href=\"http:\/\/piekarscy.com.pl\/?page_id=14466\" target=\"_blank\" rel=\"noopener\">Artyku\u0142 w Quaerenda<\/a> (nr 7\/2020)<\/li>\n<li>(2020) <a href=\"http:\/\/piekarscy.com.pl\/?page_id=14250\" target=\"_blank\" rel=\"noopener noreferrer\">Artyku\u0142 w More Maiorum<\/a> (nr 2\/2020)<\/li>\n<li>(2020) <a href=\"http:\/\/piekarscy.com.pl\/?page_id=14220\" target=\"_blank\" rel=\"noopener noreferrer\">Artyku\u0142 w More Maiorum<\/a> (nr 1\/2020)<\/li>\n<li>(2018) <a href=\"http:\/\/piekarscy.com.pl\/?page_id=14227\" target=\"_blank\" rel=\"noopener noreferrer\">Artyku\u0142 w Quaerenda<\/a> (nr 5\/2018)<\/li>\n<li>(2018) <a href=\"http:\/\/piekarscy.com.pl\/?page_id=11500\" target=\"_blank\" rel=\"noopener noreferrer\">Artyku\u0142 w Mieszka\u0144cu<\/a> (nr 10\/2018)<\/li>\n<li>(2018) <a href=\"http:\/\/piekarscy.com.pl\/?page_id=10648\" target=\"_blank\" rel=\"noopener noreferrer\">Artyku\u0142 w More Maiorum<\/a> (nr 2\/2018)<\/li>\n<li>(2017) <a href=\"http:\/\/piekarscy.com.pl\/?page_id=10145\" target=\"_blank\" rel=\"noopener noreferrer\">Artyku\u0142 w Mieszka\u0144cu<\/a> (nr 22\/2017)<\/li>\n<li>(2017) <a href=\"http:\/\/piekarscy.com.pl\/?page_id=10049\" target=\"_blank\" rel=\"noopener noreferrer\">Artyku\u0142 w Mieszka\u0144cu<\/a> (nr 21\/2017)<\/li>\n<li>(2017) <a href=\"http:\/\/piekarscy.com.pl\/?page_id=10025\" target=\"_blank\" rel=\"noopener noreferrer\">Artyku\u0142 w More Maiorum<\/a> (nr 9\/2017)<\/li>\n<li>(2017) <a href=\"http:\/\/piekarscy.com.pl\/?page_id=9316\" target=\"_blank\" rel=\"noopener noreferrer\">Artyku\u0142 w More Maiorum<\/a> (nr 5\/2017)<\/li>\n<li>(2017) <a href=\"http:\/\/piekarscy.com.pl\/?page_id=8766\">Artyku\u0142 w Mieszka\u0144cu<\/a> (nr 6\/2017)<\/li>\n<li>(2016) <a href=\"http:\/\/piekarscy.com.pl\/?page_id=7392\" target=\"_blank\" rel=\"noopener noreferrer\">Artyku\u0142 w Mieszka\u0144cu<\/a> (nr 11\/2016)<\/li>\n<li>(2016) <a href=\"http:\/\/piekarscy.com.pl\/?page_id=7380\" target=\"_blank\" rel=\"noopener noreferrer\">Wywiad w More Maiorum<\/a> (nr 6\/2016)<\/li>\n<li>(2015) <a href=\"http:\/\/piekarscy.com.pl\/?page_id=5569\" target=\"_blank\" rel=\"noopener noreferrer\">Artyku\u0142 w miesi\u0119czniku Stolica<\/a> (nr 10\/2015)<\/li>\n<li>(2015)\u00a0<a href=\"http:\/\/piekarscy.com.pl\/?page_id=5559\">Artyku\u0142 w miesi\u0119czniku Stolica<\/a>\u00a0(nr 8-9\/2015)<\/li>\n<li>(2015)\u00a0<a href=\"http:\/\/piekarscy.com.pl\/?page_id=4929\">Artyku\u0142 w More Maiorum<\/a>\u00a0(Nr 3\/2015)<\/li>\n<li>(2014) <a href=\"http:\/\/piekarscy.com.pl\/?page_id=4346\">Wywiad na portalu piszemyplus<\/a><\/li>\n<li>(2014)\u00a0<a title=\"Chwila dla Ciebie \u2013 12 czerwca 2014\" href=\"http:\/\/piekarscy.com.pl\/?page_id=4342\">Artyku\u0142 w tygodniku &#8222;Chwila dla Ciebie&#8221;<\/a><\/li>\n<li>(2014)\u00a0<a href=\"http:\/\/piekarscy.com.pl\/?page_id=4339\">Audycja Teresy Drozdy &#8222;Strefa kultury&#8221; na antenie &#8222;Radia dla Ciebie&#8221;<\/a><\/li>\n<li>(2011) <a href=\"http:\/\/piekarscy.com.pl\/?page_id=5579\" target=\"_blank\" rel=\"noopener noreferrer\">Wywiad w miesi\u0119czniku Stolica<\/a> (nr 3\/2011)<\/li>\n<\/ul>\n<p>W kwietniu 2016 roku by\u0142am go\u015bciem w Archiwum Akt Nowych na spotkaniu dotycz\u0105cym Archiw\u00f3w Rodzinnych. Oto fotorelacja (fot. Mariusz Olczak &#8211; AAN).<\/p>\n<p><a href=\"http:\/\/piekarscy.com.pl\/wp-content\/uploads\/2014\/02\/AAN01.jpg\"><img loading=\"lazy\" decoding=\"async\" class=\"alignnone wp-image-6893 size-thumbnail\" src=\"http:\/\/piekarscy.com.pl\/wp-content\/uploads\/2014\/02\/AAN01-300x300.jpg\" alt=\"AAN01\" width=\"150\" height=\"150\" \/><\/a> <a href=\"http:\/\/piekarscy.com.pl\/wp-content\/uploads\/2014\/02\/AAN02.jpg\"><img loading=\"lazy\" decoding=\"async\" class=\"alignnone wp-image-6894 size-thumbnail\" src=\"http:\/\/piekarscy.com.pl\/wp-content\/uploads\/2014\/02\/AAN02-300x300.jpg\" alt=\"AAN02\" width=\"150\" height=\"150\" \/><\/a> <a href=\"http:\/\/piekarscy.com.pl\/wp-content\/uploads\/2014\/02\/AAN03.jpg\"><img loading=\"lazy\" decoding=\"async\" class=\"wp-image-6895 size-thumbnail alignnone\" src=\"http:\/\/piekarscy.com.pl\/wp-content\/uploads\/2014\/02\/AAN03-300x300.jpg\" alt=\"AAN03\" width=\"150\" height=\"150\" \/><\/a> <a href=\"http:\/\/piekarscy.com.pl\/wp-content\/uploads\/2014\/02\/AAN04.jpg\"><img loading=\"lazy\" decoding=\"async\" class=\"alignnone wp-image-6896 size-thumbnail\" src=\"http:\/\/piekarscy.com.pl\/wp-content\/uploads\/2014\/02\/AAN04-300x300.jpg\" alt=\"AAN04\" width=\"150\" height=\"150\" \/><\/a> <a href=\"http:\/\/piekarscy.com.pl\/wp-content\/uploads\/2014\/02\/AAN05.jpg\"><img loading=\"lazy\" decoding=\"async\" class=\"alignnone wp-image-6897 size-thumbnail\" src=\"http:\/\/piekarscy.com.pl\/wp-content\/uploads\/2014\/02\/AAN05-300x300.jpg\" alt=\"AAN05\" width=\"150\" height=\"150\" \/><\/a> <a href=\"http:\/\/piekarscy.com.pl\/wp-content\/uploads\/2014\/02\/AAN06.jpg\"><img loading=\"lazy\" decoding=\"async\" class=\"alignnone wp-image-6898 size-thumbnail\" src=\"http:\/\/piekarscy.com.pl\/wp-content\/uploads\/2014\/02\/AAN06-300x300.jpg\" alt=\"AAN06\" width=\"150\" height=\"150\" \/><\/a> <a href=\"http:\/\/piekarscy.com.pl\/wp-content\/uploads\/2014\/02\/AAN07.jpg\"><img loading=\"lazy\" decoding=\"async\" class=\"alignnone wp-image-6899 size-thumbnail\" src=\"http:\/\/piekarscy.com.pl\/wp-content\/uploads\/2014\/02\/AAN07-300x300.jpg\" alt=\"AAN07\" width=\"150\" height=\"150\" \/><\/a> <a href=\"http:\/\/piekarscy.com.pl\/wp-content\/uploads\/2014\/02\/AAN08.jpg\"><img loading=\"lazy\" decoding=\"async\" class=\"alignnone wp-image-6900 size-thumbnail\" src=\"http:\/\/piekarscy.com.pl\/wp-content\/uploads\/2014\/02\/AAN08-300x300.jpg\" alt=\"AAN08\" width=\"150\" height=\"150\" \/><\/a> <a href=\"http:\/\/piekarscy.com.pl\/wp-content\/uploads\/2014\/02\/AAN09.jpg\"><img loading=\"lazy\" decoding=\"async\" class=\"alignnone wp-image-6901 size-thumbnail\" src=\"http:\/\/piekarscy.com.pl\/wp-content\/uploads\/2014\/02\/AAN09-300x300.jpg\" alt=\"AAN09\" width=\"150\" height=\"150\" \/><\/a> <a href=\"http:\/\/piekarscy.com.pl\/wp-content\/uploads\/2014\/02\/AAN10.jpg\"><img loading=\"lazy\" decoding=\"async\" class=\"alignnone wp-image-6902 size-thumbnail\" src=\"http:\/\/piekarscy.com.pl\/wp-content\/uploads\/2014\/02\/AAN10-300x300.jpg\" alt=\"AAN10\" width=\"150\" height=\"150\" \/><\/a><\/p>\n","protected":false},"excerpt":{"rendered":"<p>Tu mo\u017cna przeczyta\u0107, co zwi\u0105zanego z moimi badaniami genealogicznymi, ukaza\u0142o si\u0119 w mediach. (2022) Artyku\u0142 w publikacji pokonferencyjnej Dzi\u015b id\u0119 walczy\u0107 mamo&#8230; 78. rocznica wybuchu Powstania Warszawskiego (2020) Artyku\u0142 w Quaerenda (nr 7\/2020) (2020) Artyku\u0142 w More Maiorum (nr 2\/2020) (2020) Artyku\u0142 w More Maiorum (nr 1\/2020) (2018) Artyku\u0142 w Quaerenda (nr 5\/2018) (2018) Artyku\u0142 [&hellip;]<\/p>\n","protected":false},"author":1,"featured_media":0,"parent":0,"menu_order":3,"comment_status":"closed","ping_status":"closed","template":"","meta":{"footnotes":""},"class_list":["post-1356","page","type-page","status-publish","hentry"],"_links":{"self":[{"href":"http:\/\/piekarscy.com.pl\/index.php?rest_route=\/wp\/v2\/pages\/1356","targetHints":{"allow":["GET"]}}],"collection":[{"href":"http:\/\/piekarscy.com.pl\/index.php?rest_route=\/wp\/v2\/pages"}],"about":[{"href":"http:\/\/piekarscy.com.pl\/index.php?rest_route=\/wp\/v2\/types\/page"}],"author":[{"embeddable":true,"href":"http:\/\/piekarscy.com.pl\/index.php?rest_route=\/wp\/v2\/users\/1"}],"replies":[{"embeddable":true,"href":"http:\/\/piekarscy.com.pl\/index.php?rest_route=%2Fwp%2Fv2%2Fcomments&post=1356"}],"version-history":[{"count":37,"href":"http:\/\/piekarscy.com.pl\/index.php?rest_route=\/wp\/v2\/pages\/1356\/revisions"}],"predecessor-version":[{"id":14482,"href":"http:\/\/piekarscy.com.pl\/index.php?rest_route=\/wp\/v2\/pages\/1356\/revisions\/14482"}],"wp:attachment":[{"href":"http:\/\/piekarscy.com.pl\/index.php?rest_route=%2Fwp%2Fv2%2Fmedia&parent=1356"}],"curies":[{"name":"wp","href":"https:\/\/api.w.org\/{rel}","templated":true}]}}