{"id":14250,"date":"2020-09-14T08:16:58","date_gmt":"2020-09-14T06:16:58","guid":{"rendered":"http:\/\/piekarscy.com.pl\/?page_id=14250"},"modified":"2020-09-28T08:25:36","modified_gmt":"2020-09-28T06:25:36","slug":"more-maiorum-2-2020","status":"publish","type":"page","link":"http:\/\/piekarscy.com.pl\/?page_id=14250","title":{"rendered":"More Maiorum \u2013 2\/2020"},"content":{"rendered":"<p>W 1 z 2020 roku numerze bezp\u0142atnego magazynu genealogicznego \u201eMore Maiorum\u201d ukaza\u0142 si\u0119 m\u00f3j artyku\u0142, w kt\u00f3rym pisz\u0119 tym, co mo\u017cna znale\u017a\u0107 w pa\u0144stwowych archiwach. Numer mo\u017cna pobra\u0107 <a href=\"https:\/\/www.moremaiorum.pl\/konserwacja-archiwaliow-w-domu-ksiegi-metrykalne-na-ukrainie-i-genealogia-w-usa\/#\" target=\"_blank\" rel=\"noopener noreferrer\">tutaj<\/a>:<\/p>\n<p><a href=\"http:\/\/piekarscy.com.pl\/wp-content\/uploads\/2020\/09\/02-okladka-2020-scaled.jpg\"><img loading=\"lazy\" decoding=\"async\" class=\"aligncenter size-medium wp-image-14252\" src=\"http:\/\/piekarscy.com.pl\/wp-content\/uploads\/2020\/09\/02-okladka-2020-212x300.jpg\" alt=\"\" width=\"212\" height=\"300\" srcset=\"http:\/\/piekarscy.com.pl\/wp-content\/uploads\/2020\/09\/02-okladka-2020-212x300.jpg 212w, http:\/\/piekarscy.com.pl\/wp-content\/uploads\/2020\/09\/02-okladka-2020-724x1024.jpg 724w, http:\/\/piekarscy.com.pl\/wp-content\/uploads\/2020\/09\/02-okladka-2020-1086x1536.jpg 1086w, http:\/\/piekarscy.com.pl\/wp-content\/uploads\/2020\/09\/02-okladka-2020-1448x2048.jpg 1448w, http:\/\/piekarscy.com.pl\/wp-content\/uploads\/2020\/09\/02-okladka-2020-624x883.jpg 624w, http:\/\/piekarscy.com.pl\/wp-content\/uploads\/2020\/09\/02-okladka-2020-scaled.jpg 1810w\" sizes=\"auto, (max-width: 212px) 100vw, 212px\" \/><\/a><\/p>\n<p><a href=\"http:\/\/piekarscy.com.pl\/wp-content\/uploads\/2020\/09\/Zrzut-ekranu-2020-09-13-o-20.33.38.png\"><img loading=\"lazy\" decoding=\"async\" class=\"aligncenter size-medium wp-image-14255\" src=\"http:\/\/piekarscy.com.pl\/wp-content\/uploads\/2020\/09\/Zrzut-ekranu-2020-09-13-o-20.33.38-300x210.png\" alt=\"\" width=\"300\" height=\"210\" srcset=\"http:\/\/piekarscy.com.pl\/wp-content\/uploads\/2020\/09\/Zrzut-ekranu-2020-09-13-o-20.33.38-300x210.png 300w, http:\/\/piekarscy.com.pl\/wp-content\/uploads\/2020\/09\/Zrzut-ekranu-2020-09-13-o-20.33.38-1024x717.png 1024w, http:\/\/piekarscy.com.pl\/wp-content\/uploads\/2020\/09\/Zrzut-ekranu-2020-09-13-o-20.33.38-1536x1076.png 1536w, http:\/\/piekarscy.com.pl\/wp-content\/uploads\/2020\/09\/Zrzut-ekranu-2020-09-13-o-20.33.38-624x437.png 624w, http:\/\/piekarscy.com.pl\/wp-content\/uploads\/2020\/09\/Zrzut-ekranu-2020-09-13-o-20.33.38.png 1896w\" sizes=\"auto, (max-width: 300px) 100vw, 300px\" \/><\/a> <a href=\"http:\/\/piekarscy.com.pl\/wp-content\/uploads\/2020\/09\/Zrzut-ekranu-2020-09-13-o-20.33.43-e1600067919206.png\"><img loading=\"lazy\" decoding=\"async\" class=\"aligncenter size-medium wp-image-14254\" src=\"http:\/\/piekarscy.com.pl\/wp-content\/uploads\/2020\/09\/Zrzut-ekranu-2020-09-13-o-20.33.43-e1600067919206-300x201.png\" alt=\"\" width=\"300\" height=\"201\" srcset=\"http:\/\/piekarscy.com.pl\/wp-content\/uploads\/2020\/09\/Zrzut-ekranu-2020-09-13-o-20.33.43-e1600067919206-300x201.png 300w, http:\/\/piekarscy.com.pl\/wp-content\/uploads\/2020\/09\/Zrzut-ekranu-2020-09-13-o-20.33.43-e1600067919206-1024x686.png 1024w, http:\/\/piekarscy.com.pl\/wp-content\/uploads\/2020\/09\/Zrzut-ekranu-2020-09-13-o-20.33.43-e1600067919206-1536x1029.png 1536w, http:\/\/piekarscy.com.pl\/wp-content\/uploads\/2020\/09\/Zrzut-ekranu-2020-09-13-o-20.33.43-e1600067919206-624x418.png 624w, http:\/\/piekarscy.com.pl\/wp-content\/uploads\/2020\/09\/Zrzut-ekranu-2020-09-13-o-20.33.43-e1600067919206.png 1896w\" sizes=\"auto, (max-width: 300px) 100vw, 300px\" \/><\/a> <a href=\"http:\/\/piekarscy.com.pl\/wp-content\/uploads\/2020\/09\/Zrzut-ekranu-2020-09-13-o-20.33.52-e1600067891440.png\"><img loading=\"lazy\" decoding=\"async\" class=\"aligncenter size-medium wp-image-14253\" src=\"http:\/\/piekarscy.com.pl\/wp-content\/uploads\/2020\/09\/Zrzut-ekranu-2020-09-13-o-20.33.52-e1600067891440-300x201.png\" alt=\"\" width=\"300\" height=\"201\" srcset=\"http:\/\/piekarscy.com.pl\/wp-content\/uploads\/2020\/09\/Zrzut-ekranu-2020-09-13-o-20.33.52-e1600067891440-300x201.png 300w, http:\/\/piekarscy.com.pl\/wp-content\/uploads\/2020\/09\/Zrzut-ekranu-2020-09-13-o-20.33.52-e1600067891440-1024x686.png 1024w, http:\/\/piekarscy.com.pl\/wp-content\/uploads\/2020\/09\/Zrzut-ekranu-2020-09-13-o-20.33.52-e1600067891440-1536x1029.png 1536w, http:\/\/piekarscy.com.pl\/wp-content\/uploads\/2020\/09\/Zrzut-ekranu-2020-09-13-o-20.33.52-e1600067891440-624x418.png 624w, http:\/\/piekarscy.com.pl\/wp-content\/uploads\/2020\/09\/Zrzut-ekranu-2020-09-13-o-20.33.52-e1600067891440.png 1896w\" sizes=\"auto, (max-width: 300px) 100vw, 300px\" \/><\/a>A przeczyta\u0107 na stronie mo\u017cna w tym miejscu:<\/p>\n<blockquote class=\"wp-embedded-content\" data-secret=\"m1GIPNXLIz\"><p><a href=\"https:\/\/piekarscy.com.pl\/?p=14263\">O czym szumi\u0105 listy, czyli wiedza o przodkach tkwi w epistolografii<\/a><\/p><\/blockquote>\n<p><iframe loading=\"lazy\" class=\"wp-embedded-content\" sandbox=\"allow-scripts\" security=\"restricted\" style=\"position: absolute; clip: rect(1px, 1px, 1px, 1px);\" title=\"&#8222;O czym szumi\u0105 listy, czyli wiedza o przodkach tkwi w epistolografii&#8221; &#8212; PIEKARSCY - ich przodkowie, krewni i powinowaci\" src=\"https:\/\/piekarscy.com.pl\/?p=14263&#038;embed=true#?secret=cKMNy4T49K#?secret=m1GIPNXLIz\" data-secret=\"m1GIPNXLIz\" width=\"600\" height=\"338\" frameborder=\"0\" marginwidth=\"0\" marginheight=\"0\" scrolling=\"no\"><\/iframe><\/p>\n","protected":false},"excerpt":{"rendered":"<p>W 1 z 2020 roku numerze bezp\u0142atnego magazynu genealogicznego \u201eMore Maiorum\u201d ukaza\u0142 si\u0119 m\u00f3j artyku\u0142, w kt\u00f3rym pisz\u0119 tym, co mo\u017cna znale\u017a\u0107 w pa\u0144stwowych archiwach. Numer mo\u017cna pobra\u0107 tutaj: A przeczyta\u0107 na stronie mo\u017cna w tym miejscu: O czym szumi\u0105 listy, czyli wiedza o przodkach tkwi w epistolografii<\/p>\n","protected":false},"author":1,"featured_media":0,"parent":1356,"menu_order":0,"comment_status":"closed","ping_status":"closed","template":"","meta":{"footnotes":""},"class_list":["post-14250","page","type-page","status-publish","hentry"],"_links":{"self":[{"href":"http:\/\/piekarscy.com.pl\/index.php?rest_route=\/wp\/v2\/pages\/14250","targetHints":{"allow":["GET"]}}],"collection":[{"href":"http:\/\/piekarscy.com.pl\/index.php?rest_route=\/wp\/v2\/pages"}],"about":[{"href":"http:\/\/piekarscy.com.pl\/index.php?rest_route=\/wp\/v2\/types\/page"}],"author":[{"embeddable":true,"href":"http:\/\/piekarscy.com.pl\/index.php?rest_route=\/wp\/v2\/users\/1"}],"replies":[{"embeddable":true,"href":"http:\/\/piekarscy.com.pl\/index.php?rest_route=%2Fwp%2Fv2%2Fcomments&post=14250"}],"version-history":[{"count":3,"href":"http:\/\/piekarscy.com.pl\/index.php?rest_route=\/wp\/v2\/pages\/14250\/revisions"}],"predecessor-version":[{"id":14270,"href":"http:\/\/piekarscy.com.pl\/index.php?rest_route=\/wp\/v2\/pages\/14250\/revisions\/14270"}],"up":[{"embeddable":true,"href":"http:\/\/piekarscy.com.pl\/index.php?rest_route=\/wp\/v2\/pages\/1356"}],"wp:attachment":[{"href":"http:\/\/piekarscy.com.pl\/index.php?rest_route=%2Fwp%2Fv2%2Fmedia&parent=14250"}],"curies":[{"name":"wp","href":"https:\/\/api.w.org\/{rel}","templated":true}]}}