{"id":14460,"date":"2023-01-14T17:51:20","date_gmt":"2023-01-14T15:51:20","guid":{"rendered":"http:\/\/piekarscy.com.pl\/?page_id=14460"},"modified":"2023-01-14T18:09:30","modified_gmt":"2023-01-14T16:09:30","slug":"dzis-ide-walczyc-mamo","status":"publish","type":"page","link":"http:\/\/piekarscy.com.pl\/?page_id=14460","title":{"rendered":"Dzi\u015b id\u0119 walczy\u0107 mamo&#8230; 78. rocznica wybuchu Powstania Warszawskiego &#8211; materia\u0142y pokonferencyjne (2022)"},"content":{"rendered":"<p>Ukaza\u0142y si\u0119 drukiem materia\u0142y z konferencji naukowej, kt\u00f3ra odby\u0142a si\u0119 22 czerwca 2022 roku, a by\u0142a po\u015bwi\u0119cona Powstaniu Warszawskiemu. Jej tytu\u0142: <strong><em>Dzi\u015b id\u0119 walczy\u0107 mamo\u2026 78. rocznica wybuchu Powstania Warszawskieg<\/em>o.<\/strong><\/p>\n<p>W \u015brodku m\u00f3j artyku\u0142 pt. <em>\u201cDwie Ruszczykowskie, czyli matka i c\u00f3rka w Powstaniu Warszawskim oraz wp\u0142yw powstania na ich dalsze losy\u201d<\/em>.<\/p>\n<p><a href=\"http:\/\/piekarscy.com.pl\/wp-content\/uploads\/2023\/01\/Dzis-ide-walczyc-mamo-okladka.png\"><img loading=\"lazy\" decoding=\"async\" class=\"aligncenter size-medium wp-image-14478\" src=\"http:\/\/piekarscy.com.pl\/wp-content\/uploads\/2023\/01\/Dzis-ide-walczyc-mamo-okladka-211x300.png\" alt=\"\" width=\"211\" height=\"300\" srcset=\"http:\/\/piekarscy.com.pl\/wp-content\/uploads\/2023\/01\/Dzis-ide-walczyc-mamo-okladka-211x300.png 211w, http:\/\/piekarscy.com.pl\/wp-content\/uploads\/2023\/01\/Dzis-ide-walczyc-mamo-okladka-624x887.png 624w, http:\/\/piekarscy.com.pl\/wp-content\/uploads\/2023\/01\/Dzis-ide-walczyc-mamo-okladka.png 642w\" sizes=\"auto, (max-width: 211px) 100vw, 211px\" \/><\/a><\/p>\n<p><span style=\"font-size: 1rem;\">Tekst artyku\u0142u mo\u017cna przeczyta\u0107 klikaj\u0105c w poni\u017cszy link.<\/span><\/p>\n<p><a href=\"http:\/\/piekarscy.com.pl\/?p=14474\" target=\"_blank\" rel=\"noopener\">http:\/\/piekarscy.com.pl\/?p=14474<\/a><\/p>\n","protected":false},"excerpt":{"rendered":"<p>Ukaza\u0142y si\u0119 drukiem materia\u0142y z konferencji naukowej, kt\u00f3ra odby\u0142a si\u0119 22 czerwca 2022 roku, a by\u0142a po\u015bwi\u0119cona Powstaniu Warszawskiemu. Jej tytu\u0142: Dzi\u015b id\u0119 walczy\u0107 mamo\u2026 78. rocznica wybuchu Powstania Warszawskiego. W \u015brodku m\u00f3j artyku\u0142 pt. \u201cDwie Ruszczykowskie, czyli matka i c\u00f3rka w Powstaniu Warszawskim oraz wp\u0142yw powstania na ich dalsze losy\u201d. Tekst artyku\u0142u mo\u017cna przeczyta\u0107 [&hellip;]<\/p>\n","protected":false},"author":1,"featured_media":0,"parent":1356,"menu_order":0,"comment_status":"closed","ping_status":"closed","template":"","meta":{"footnotes":""},"class_list":["post-14460","page","type-page","status-publish","hentry"],"_links":{"self":[{"href":"http:\/\/piekarscy.com.pl\/index.php?rest_route=\/wp\/v2\/pages\/14460","targetHints":{"allow":["GET"]}}],"collection":[{"href":"http:\/\/piekarscy.com.pl\/index.php?rest_route=\/wp\/v2\/pages"}],"about":[{"href":"http:\/\/piekarscy.com.pl\/index.php?rest_route=\/wp\/v2\/types\/page"}],"author":[{"embeddable":true,"href":"http:\/\/piekarscy.com.pl\/index.php?rest_route=\/wp\/v2\/users\/1"}],"replies":[{"embeddable":true,"href":"http:\/\/piekarscy.com.pl\/index.php?rest_route=%2Fwp%2Fv2%2Fcomments&post=14460"}],"version-history":[{"count":6,"href":"http:\/\/piekarscy.com.pl\/index.php?rest_route=\/wp\/v2\/pages\/14460\/revisions"}],"predecessor-version":[{"id":14479,"href":"http:\/\/piekarscy.com.pl\/index.php?rest_route=\/wp\/v2\/pages\/14460\/revisions\/14479"}],"up":[{"embeddable":true,"href":"http:\/\/piekarscy.com.pl\/index.php?rest_route=\/wp\/v2\/pages\/1356"}],"wp:attachment":[{"href":"http:\/\/piekarscy.com.pl\/index.php?rest_route=%2Fwp%2Fv2%2Fmedia&parent=14460"}],"curies":[{"name":"wp","href":"https:\/\/api.w.org\/{rel}","templated":true}]}}