{"id":4929,"date":"2015-07-07T06:52:46","date_gmt":"2015-07-07T06:52:46","guid":{"rendered":"http:\/\/piekarscy.com.pl\/?page_id=4929"},"modified":"2017-11-07T18:15:15","modified_gmt":"2017-11-07T18:15:15","slug":"more-maiorum-luty-2015","status":"publish","type":"page","link":"http:\/\/piekarscy.com.pl\/?page_id=4929","title":{"rendered":"More Maiorum &#8211; marzec 2015"},"content":{"rendered":"<p>W marcowym\u00a0numerze bezp\u0142atnego magazynu genealogicznego &#8222;More Maiorum&#8221; ukaza\u0142 si\u0119 m\u00f3j artyku\u0142 o prapradziadku Michale Piekarskim. Opublikowa\u0142am go tu na <a href=\"http:\/\/piekarscy.com.pl\/?p=4233\" target=\"_blank\" rel=\"noopener\">blogu<\/a>. A ca\u0142y numer mo\u017cna pobra\u0107 <a href=\"http:\/\/www.moremaiorum.pl\/?ddownload=4665\" target=\"_blank\" rel=\"noopener\">tutaj<\/a>.<\/p>\n<p><a href=\"http:\/\/piekarscy.com.pl\/wp-content\/uploads\/2015\/07\/moremaiorum1.jpg\"><img loading=\"lazy\" decoding=\"async\" class=\"aligncenter size-medium wp-image-4933\" src=\"http:\/\/piekarscy.com.pl\/wp-content\/uploads\/2015\/07\/moremaiorum1-300x212.jpg\" alt=\"moremaiorum1\" width=\"300\" height=\"212\" srcset=\"http:\/\/piekarscy.com.pl\/wp-content\/uploads\/2015\/07\/moremaiorum1-300x212.jpg 300w, http:\/\/piekarscy.com.pl\/wp-content\/uploads\/2015\/07\/moremaiorum1-1024x722.jpg 1024w, http:\/\/piekarscy.com.pl\/wp-content\/uploads\/2015\/07\/moremaiorum1-624x440.jpg 624w, http:\/\/piekarscy.com.pl\/wp-content\/uploads\/2015\/07\/moremaiorum1.jpg 1344w\" sizes=\"auto, (max-width: 300px) 100vw, 300px\" \/><\/a> <a href=\"http:\/\/piekarscy.com.pl\/wp-content\/uploads\/2015\/07\/moremaiorum2.jpg\"><img loading=\"lazy\" decoding=\"async\" class=\"aligncenter size-medium wp-image-4934\" src=\"http:\/\/piekarscy.com.pl\/wp-content\/uploads\/2015\/07\/moremaiorum2-300x211.jpg\" alt=\"moremaiorum2\" width=\"300\" height=\"211\" srcset=\"http:\/\/piekarscy.com.pl\/wp-content\/uploads\/2015\/07\/moremaiorum2-300x211.jpg 300w, http:\/\/piekarscy.com.pl\/wp-content\/uploads\/2015\/07\/moremaiorum2-1024x720.jpg 1024w, http:\/\/piekarscy.com.pl\/wp-content\/uploads\/2015\/07\/moremaiorum2-624x439.jpg 624w, http:\/\/piekarscy.com.pl\/wp-content\/uploads\/2015\/07\/moremaiorum2.jpg 1345w\" sizes=\"auto, (max-width: 300px) 100vw, 300px\" \/><\/a><\/p>\n<p>&nbsp;<\/p>\n<p>&nbsp;<\/p>\n","protected":false},"excerpt":{"rendered":"<p>W marcowym\u00a0numerze bezp\u0142atnego magazynu genealogicznego &#8222;More Maiorum&#8221; ukaza\u0142 si\u0119 m\u00f3j artyku\u0142 o prapradziadku Michale Piekarskim. Opublikowa\u0142am go tu na blogu. A ca\u0142y numer mo\u017cna pobra\u0107 tutaj. &nbsp; &nbsp;<\/p>\n","protected":false},"author":1,"featured_media":0,"parent":1356,"menu_order":0,"comment_status":"closed","ping_status":"closed","template":"","meta":{"footnotes":""},"class_list":["post-4929","page","type-page","status-publish","hentry"],"_links":{"self":[{"href":"http:\/\/piekarscy.com.pl\/index.php?rest_route=\/wp\/v2\/pages\/4929","targetHints":{"allow":["GET"]}}],"collection":[{"href":"http:\/\/piekarscy.com.pl\/index.php?rest_route=\/wp\/v2\/pages"}],"about":[{"href":"http:\/\/piekarscy.com.pl\/index.php?rest_route=\/wp\/v2\/types\/page"}],"author":[{"embeddable":true,"href":"http:\/\/piekarscy.com.pl\/index.php?rest_route=\/wp\/v2\/users\/1"}],"replies":[{"embeddable":true,"href":"http:\/\/piekarscy.com.pl\/index.php?rest_route=%2Fwp%2Fv2%2Fcomments&post=4929"}],"version-history":[{"count":7,"href":"http:\/\/piekarscy.com.pl\/index.php?rest_route=\/wp\/v2\/pages\/4929\/revisions"}],"predecessor-version":[{"id":10024,"href":"http:\/\/piekarscy.com.pl\/index.php?rest_route=\/wp\/v2\/pages\/4929\/revisions\/10024"}],"up":[{"embeddable":true,"href":"http:\/\/piekarscy.com.pl\/index.php?rest_route=\/wp\/v2\/pages\/1356"}],"wp:attachment":[{"href":"http:\/\/piekarscy.com.pl\/index.php?rest_route=%2Fwp%2Fv2%2Fmedia&parent=4929"}],"curies":[{"name":"wp","href":"https:\/\/api.w.org\/{rel}","templated":true}]}}