{"id":5579,"date":"2015-10-03T11:36:17","date_gmt":"2015-10-03T11:36:17","guid":{"rendered":"http:\/\/piekarscy.com.pl\/?page_id=5579"},"modified":"2015-10-06T09:02:37","modified_gmt":"2015-10-06T09:02:37","slug":"stolica-marzec-2011","status":"publish","type":"page","link":"http:\/\/piekarscy.com.pl\/?page_id=5579","title":{"rendered":"Stolica &#8211; marzec 2011"},"content":{"rendered":"<p>Artyku\u0142 o zwi\u0105zkach mojej rodziny z Warszaw\u0105. Ukaza\u0142 si\u0119 w miesi\u0119czniku <a href=\"http:\/\/warszawa-stolica.pl\/\" target=\"_blank\">Stolica<\/a> nr 3\/2011. To taki pierwszy pi\u015bmienny (medialny) dow\u00f3d moich zainteresowa\u0144 w\u0142asn\u0105 genealogi\u0105. Mo\u017cna tu zobaczy\u0107 dokumenty, kt\u00f3re potem znalaz\u0142y si\u0119 na tej stronie. Artyku\u0142 mo\u017cna przeczyta\u0107 <a href=\"http:\/\/piekarscy.com.pl\/?p=5584\" target=\"_blank\">tutaj<\/a>.<br \/>\n<a href=\"http:\/\/piekarscy.com.pl\/wp-content\/uploads\/2015\/10\/stolica-wywiad-okladka.jpg\"><img loading=\"lazy\" decoding=\"async\" class=\"aligncenter size-medium wp-image-5582\" src=\"http:\/\/piekarscy.com.pl\/wp-content\/uploads\/2015\/10\/stolica-wywiad-okladka-226x300.jpg\" alt=\"stolica wywiad okladka\" width=\"226\" height=\"300\" srcset=\"http:\/\/piekarscy.com.pl\/wp-content\/uploads\/2015\/10\/stolica-wywiad-okladka-226x300.jpg 226w, http:\/\/piekarscy.com.pl\/wp-content\/uploads\/2015\/10\/stolica-wywiad-okladka.jpg 445w\" sizes=\"auto, (max-width: 226px) 100vw, 226px\" \/><\/a><\/p>\n<p><a href=\"http:\/\/piekarscy.com.pl\/wp-content\/uploads\/2015\/10\/stolica-2011-srodek1.jpg\"><img loading=\"lazy\" decoding=\"async\" class=\"aligncenter size-medium wp-image-5580\" src=\"http:\/\/piekarscy.com.pl\/wp-content\/uploads\/2015\/10\/stolica-2011-srodek1-300x200.jpg\" alt=\"stolica 2011 srodek1\" width=\"300\" height=\"200\" srcset=\"http:\/\/piekarscy.com.pl\/wp-content\/uploads\/2015\/10\/stolica-2011-srodek1-300x200.jpg 300w, http:\/\/piekarscy.com.pl\/wp-content\/uploads\/2015\/10\/stolica-2011-srodek1-624x415.jpg 624w, http:\/\/piekarscy.com.pl\/wp-content\/uploads\/2015\/10\/stolica-2011-srodek1.jpg 890w\" sizes=\"auto, (max-width: 300px) 100vw, 300px\" \/><\/a> <a href=\"http:\/\/piekarscy.com.pl\/wp-content\/uploads\/2015\/10\/stolica-2011-srodek2.jpg\"><img loading=\"lazy\" decoding=\"async\" class=\"aligncenter size-medium wp-image-5581\" src=\"http:\/\/piekarscy.com.pl\/wp-content\/uploads\/2015\/10\/stolica-2011-srodek2-226x300.jpg\" alt=\"stolica 2011 srodek2\" width=\"226\" height=\"300\" srcset=\"http:\/\/piekarscy.com.pl\/wp-content\/uploads\/2015\/10\/stolica-2011-srodek2-226x300.jpg 226w, http:\/\/piekarscy.com.pl\/wp-content\/uploads\/2015\/10\/stolica-2011-srodek2.jpg 442w\" sizes=\"auto, (max-width: 226px) 100vw, 226px\" \/><\/a><\/p>\n","protected":false},"excerpt":{"rendered":"<p>Artyku\u0142 o zwi\u0105zkach mojej rodziny z Warszaw\u0105. Ukaza\u0142 si\u0119 w miesi\u0119czniku Stolica nr 3\/2011. To taki pierwszy pi\u015bmienny (medialny) dow\u00f3d moich zainteresowa\u0144 w\u0142asn\u0105 genealogi\u0105. Mo\u017cna tu zobaczy\u0107 dokumenty, kt\u00f3re potem znalaz\u0142y si\u0119 na tej stronie. Artyku\u0142 mo\u017cna przeczyta\u0107 tutaj.<\/p>\n","protected":false},"author":1,"featured_media":0,"parent":1356,"menu_order":0,"comment_status":"closed","ping_status":"closed","template":"","meta":{"footnotes":""},"class_list":["post-5579","page","type-page","status-publish","hentry"],"_links":{"self":[{"href":"http:\/\/piekarscy.com.pl\/index.php?rest_route=\/wp\/v2\/pages\/5579","targetHints":{"allow":["GET"]}}],"collection":[{"href":"http:\/\/piekarscy.com.pl\/index.php?rest_route=\/wp\/v2\/pages"}],"about":[{"href":"http:\/\/piekarscy.com.pl\/index.php?rest_route=\/wp\/v2\/types\/page"}],"author":[{"embeddable":true,"href":"http:\/\/piekarscy.com.pl\/index.php?rest_route=\/wp\/v2\/users\/1"}],"replies":[{"embeddable":true,"href":"http:\/\/piekarscy.com.pl\/index.php?rest_route=%2Fwp%2Fv2%2Fcomments&post=5579"}],"version-history":[{"count":3,"href":"http:\/\/piekarscy.com.pl\/index.php?rest_route=\/wp\/v2\/pages\/5579\/revisions"}],"predecessor-version":[{"id":5652,"href":"http:\/\/piekarscy.com.pl\/index.php?rest_route=\/wp\/v2\/pages\/5579\/revisions\/5652"}],"up":[{"embeddable":true,"href":"http:\/\/piekarscy.com.pl\/index.php?rest_route=\/wp\/v2\/pages\/1356"}],"wp:attachment":[{"href":"http:\/\/piekarscy.com.pl\/index.php?rest_route=%2Fwp%2Fv2%2Fmedia&parent=5579"}],"curies":[{"name":"wp","href":"https:\/\/api.w.org\/{rel}","templated":true}]}}